{"id":203,"date":"2016-02-12T11:27:41","date_gmt":"2016-02-12T11:27:41","guid":{"rendered":"http:\/\/kk.banov.cz\/?page_id=203"},"modified":"2026-01-06T12:57:19","modified_gmt":"2026-01-06T12:57:19","slug":"cestni-clenove-klubu","status":"publish","type":"page","link":"http:\/\/kk.banov.cz\/?page_id=203","title":{"rendered":"\u010cestn\u00ed a zaslou\u017eil\u00ed \u010dlenov\u00e9"},"content":{"rendered":"<p style=\"text-align: center;\"><a href=\"http:\/\/kk.banov.cz\/wp-content\/uploads\/2016\/02\/KK-B\u00e1nov-Fr-Tvrdon.jpg\"><img loading=\"lazy\" decoding=\"async\" class=\"alignnone size-medium wp-image-390\" src=\"http:\/\/kk.banov.cz\/wp-content\/uploads\/2016\/02\/KK-B\u00e1nov-Fr-Tvrdon-200x300.jpg\" alt=\"KK B\u00e1nov-Fr Tvrdon\" width=\"200\" height=\"300\" srcset=\"http:\/\/kk.banov.cz\/wp-content\/uploads\/2016\/02\/KK-B\u00e1nov-Fr-Tvrdon-200x300.jpg 200w, http:\/\/kk.banov.cz\/wp-content\/uploads\/2016\/02\/KK-B\u00e1nov-Fr-Tvrdon.jpg 488w\" sizes=\"auto, (max-width: 200px) 100vw, 200px\" \/>\u00a0 <\/a><a href=\"http:\/\/kk.banov.cz\/wp-content\/uploads\/2016\/02\/KK-B\u00e1nov-Fr-Tvrdon1.jpg\"><img loading=\"lazy\" decoding=\"async\" class=\"alignnone size-medium wp-image-759\" src=\"http:\/\/kk.banov.cz\/wp-content\/uploads\/2016\/02\/KK-B\u00e1nov-Fr-Tvrdon1-200x300.jpg\" alt=\"KK-B\u00e1nov-Fr Tvrdon\" width=\"200\" height=\"300\" srcset=\"http:\/\/kk.banov.cz\/wp-content\/uploads\/2016\/02\/KK-B\u00e1nov-Fr-Tvrdon1-200x300.jpg 200w, http:\/\/kk.banov.cz\/wp-content\/uploads\/2016\/02\/KK-B\u00e1nov-Fr-Tvrdon1.jpg 300w\" sizes=\"auto, (max-width: 200px) 100vw, 200px\" \/><\/a><\/p>\n<p style=\"text-align: center;\"><strong>Franti\u0161ek TVRDO\u0147<\/strong><\/p>\n<p style=\"text-align: center;\">zakl\u00e1daj\u00edc\u00ed \u010dlen,\u00a0 p\u0159edseda od roku 1972 do roku\u00a0\u20202008<\/p>\n<p style=\"text-align: center;\">Vylu\u010dovac\u00ed z\u00e1vod na Mistrovstv\u00ed republiky \u010cSSR\u00a0v r. 1979,\u00a0pes \u2013 n\u011bmeck\u00fd ov\u010d\u00e1k \u00a0AJAX<\/p>\n<p style=\"text-align: center;\">Chovatelsk\u00e1 stanice n\u011bmeck\u00fdch ov\u010d\u00e1k\u016f:\u00a0TOMAPEFR<\/p>\n<p style=\"text-align: center;\">&#8230;&#8230;&#8230;&#8230;&#8230;&#8230;&#8230;&#8230;&#8230;&#8230;&#8230;&#8230;&#8230;&#8230;&#8230;&#8230;&#8230;&#8230;&#8230;&#8230;&#8230;&#8230;&#8230;&#8230;&#8230;&#8230;&#8230;&#8230;&#8230;&#8230;&#8230;&#8230;&#8230;&#8230;&#8230;&#8230;..<\/p>\n<p style=\"text-align: center;\"><a href=\"http:\/\/kk.banov.cz\/?attachment_id=4050\" rel=\"attachment wp-att-4050\"><img loading=\"lazy\" decoding=\"async\" src=\"http:\/\/kk.banov.cz\/wp-content\/uploads\/2021\/01\/KK-Banov_Viktorin-Rudolf_Idol-200x300.jpg\" alt=\"\" width=\"200\" height=\"300\" \/>\u00a0\u00a0<\/a><img loading=\"lazy\" decoding=\"async\" src=\"http:\/\/kk.banov.cz\/wp-content\/uploads\/2021\/01\/Viktorin-Rudolf_Ary_KK-B\u00e1nov-200x300.jpg\" alt=\"\" width=\"200\" height=\"300\" \/><\/p>\n<p style=\"text-align: center;\"><strong>Rudolf VIKTORIN<\/strong><\/p>\n<p style=\"text-align: center;\">zakl\u00e1daj\u00edc\u00ed \u010dlen,\u00a0 p\u0159edseda spolku, v\u00fdcvik\u00e1\u0159, figurant, hospod\u00e1\u0159<\/p>\n<p style=\"text-align: center;\">aktivn\u00ed \u010dlen od roku 1972 do roku\u00a0\u20202021<\/p>\n<p style=\"text-align: center;\">9x slo\u017eena vrcholov\u00e1 zkou\u0161ka ZVV-3<\/p>\n<p style=\"text-align: center;\">5x \u00fa\u010dastn\u00edk Mistrovstv\u00ed republiky \u010cSSR\u00a0s 5-ti r\u016fzn\u00fdmi psy<\/p>\n<p style=\"text-align: center;\">P\u0159edseda Okresn\u00ed kynologick\u00e9 rady SVAZARMU<\/p>\n<p style=\"text-align: center;\"><a href=\"http:\/\/kk.banov.cz\/wp-content\/uploads\/2016\/02\/KK-B\u00e1nov-Viktorin-vzorny-vycvika.jpg\">Dr\u017eitel titulu &#8222;Vzorn\u00fd v\u00fdcvik\u00e1\u0159 I.t\u0159\u00eddy MSKS&#8220;<\/a><\/p>\n<p style=\"text-align: center;\">&#8230;&#8230;&#8230;&#8230;&#8230;&#8230;&#8230;&#8230;&#8230;&#8230;&#8230;&#8230;&#8230;&#8230;&#8230;&#8230;&#8230;&#8230;&#8230;&#8230;&#8230;&#8230;&#8230;&#8230;&#8230;&#8230;&#8230;&#8230;&#8230;&#8230;&#8230;&#8230;&#8230;&#8230;&#8230;&#8230;..<\/p>\n<p style=\"text-align: center;\"><a href=\"http:\/\/kk.banov.cz\/wp-content\/uploads\/2016\/02\/KK-B\u00e1nov-Havelka-Milo\u0161.jpg\"><img loading=\"lazy\" decoding=\"async\" class=\"alignnone size-medium wp-image-506\" src=\"http:\/\/kk.banov.cz\/wp-content\/uploads\/2016\/02\/KK-B\u00e1nov-Havelka-Milo\u0161-199x300.jpg\" alt=\"KK B\u00e1nov-Havelka Milo\u0161\" width=\"199\" height=\"300\" srcset=\"http:\/\/kk.banov.cz\/wp-content\/uploads\/2016\/02\/KK-B\u00e1nov-Havelka-Milo\u0161-199x300.jpg 199w, http:\/\/kk.banov.cz\/wp-content\/uploads\/2016\/02\/KK-B\u00e1nov-Havelka-Milo\u0161.jpg 433w\" sizes=\"auto, (max-width: 199px) 100vw, 199px\" \/><\/a><\/p>\n<p style=\"text-align: center;\"><strong>Milo\u0161 HAVELKA<\/strong><\/p>\n<p style=\"text-align: center;\">aktivn\u00ed \u010dlen od roku 1991 do roku\u00a0\u20202021<\/p>\n<p style=\"text-align: center;\">funkce: 7 let hospod\u00e1\u0159 spolku<\/p>\n<p style=\"text-align: center;\">pes &#8211; n\u011bmeck\u00fd ov\u010d\u00e1k<\/p>\n","protected":false},"excerpt":{"rendered":"<p>\u00a0 Franti\u0161ek TVRDO\u0147 zakl\u00e1daj\u00edc\u00ed \u010dlen,\u00a0 p\u0159edseda od roku 1972 do roku\u00a0\u20202008 Vylu\u010dovac\u00ed z\u00e1vod na Mistrovstv\u00ed republiky \u010cSSR\u00a0v r. 1979,\u00a0pes \u2013 n\u011bmeck\u00fd ov\u010d\u00e1k \u00a0AJAX Chovatelsk\u00e1 stanice n\u011bmeck\u00fdch ov\u010d\u00e1k\u016f:\u00a0TOMAPEFR &#8230;&#8230;&#8230;&#8230;&#8230;&#8230;&#8230;&#8230;&#8230;&#8230;&#8230;&#8230;&#8230;&#8230;&#8230;&#8230;&#8230;&#8230;&#8230;&#8230;&#8230;&#8230;&#8230;&#8230;&#8230;&#8230;&#8230;&#8230;&#8230;&#8230;&#8230;&#8230;&#8230;&#8230;&#8230;&#8230;.. \u00a0\u00a0 Rudolf VIKTORIN zakl\u00e1daj\u00edc\u00ed \u010dlen,\u00a0 p\u0159edseda spolku, v\u00fdcvik\u00e1\u0159, figurant, hospod\u00e1\u0159 aktivn\u00ed \u010dlen od roku 1972 do roku\u00a0\u20202021 9x slo\u017eena vrcholov\u00e1 zkou\u0161ka ZVV-3 5x \u00fa\u010dastn\u00edk Mistrovstv\u00ed republiky \u010cSSR\u00a0s [&hellip;]<\/p>\n","protected":false},"author":1,"featured_media":0,"parent":22,"menu_order":2,"comment_status":"open","ping_status":"closed","template":"","meta":{"footnotes":""},"class_list":["post-203","page","type-page","status-publish","hentry"],"_links":{"self":[{"href":"http:\/\/kk.banov.cz\/index.php?rest_route=\/wp\/v2\/pages\/203","targetHints":{"allow":["GET"]}}],"collection":[{"href":"http:\/\/kk.banov.cz\/index.php?rest_route=\/wp\/v2\/pages"}],"about":[{"href":"http:\/\/kk.banov.cz\/index.php?rest_route=\/wp\/v2\/types\/page"}],"author":[{"embeddable":true,"href":"http:\/\/kk.banov.cz\/index.php?rest_route=\/wp\/v2\/users\/1"}],"replies":[{"embeddable":true,"href":"http:\/\/kk.banov.cz\/index.php?rest_route=%2Fwp%2Fv2%2Fcomments&post=203"}],"version-history":[{"count":48,"href":"http:\/\/kk.banov.cz\/index.php?rest_route=\/wp\/v2\/pages\/203\/revisions"}],"predecessor-version":[{"id":4158,"href":"http:\/\/kk.banov.cz\/index.php?rest_route=\/wp\/v2\/pages\/203\/revisions\/4158"}],"up":[{"embeddable":true,"href":"http:\/\/kk.banov.cz\/index.php?rest_route=\/wp\/v2\/pages\/22"}],"wp:attachment":[{"href":"http:\/\/kk.banov.cz\/index.php?rest_route=%2Fwp%2Fv2%2Fmedia&parent=203"}],"curies":[{"name":"wp","href":"https:\/\/api.w.org\/{rel}","templated":true}]}}