{"id":1665,"date":"2017-03-10T06:32:55","date_gmt":"2017-03-10T06:32:55","guid":{"rendered":"http:\/\/kk.banov.cz\/?page_id=1665"},"modified":"2022-04-07T07:02:00","modified_gmt":"2022-04-07T07:02:00","slug":"co-s-sebou-na-vycvik","status":"publish","type":"page","link":"http:\/\/kk.banov.cz\/?page_id=1665","title":{"rendered":"Co s sebou na tr\u00e9nink"},"content":{"rendered":"<div class=\"item-page\">\n<div class=\"content_header\">\n<ul>\n<li><span style=\"color: #ff0000;\">do are\u00e1lu maj\u00ed zak\u00e1zan\u00fd vstup psi nemocn\u00ed, zable\u0161en\u00ed \u010di s jin\u00fdmi p\u0159enosn\u00fdmi parazity, s ko\u017en\u00edmi chorobami a v prvn\u00edm t\u00fddnu po o\u010dkov\u00e1n\u00ed, feny v prvn\u00edch min. dvou t\u00fddnech h\u00e1r\u00e1n\u00ed !!!<\/span><\/li>\n<li>dodr\u017eujte za\u010d\u00e1tek v\u00fdcviku 8 hod \u2013 stopy, od 9 hod \u2013 poslu\u0161nost, od 10 hod \u2013 obrany<\/li>\n<li>pro prvn\u00ed n\u00e1v\u0161t\u011bvu s sebou vezm\u011bte O\u010cKOVAC\u00cd PR\u016eKAZ nebo pas zv\u00ed\u0159ete v z\u00e1jmov\u00e9m chovu pro mal\u00e1 zv\u00ed\u0159ata s platn\u00fdm o\u010dkov\u00e1n\u00edm proti VZTEKLIN\u011a, PSINCE a PARVOVIROZE<\/li>\n<li>p\u0159ed vstupem do are\u00e1lu mus\u00ed b\u00fdt pes vyven\u010den<\/li>\n<li>do are\u00e1lu vstupujte se psem na vod\u00edtku<\/li>\n<li>po dobu v\u00fdcviku jsou na cvi\u010debn\u00ed plo\u0161e pouze psovodi se psy, rodinn\u00ed p\u0159\u00edslu\u0161n\u00edci a ostatn\u00ed se zdr\u017euj\u00ed ve vyhrazen\u00fdch prostor\u00e1ch<\/li>\n<li>po dohod\u011b lze v are\u00e1lu individu\u00e1ln\u011b tr\u00e9novat<\/li>\n<\/ul>\n<p><strong>Pro KA\u017dDOU n\u00e1v\u0161t\u011bvu a tr\u00e9nink se psem ve spolku budete pot\u0159ebovat tyto pom\u016fcky:<\/strong><\/p>\n<\/div>\n<div class=\"content\">\n<ul>\n<li>pevn\u00e9 VOD\u00cdTKO dle velikosti psa, cca 0,8-1,5 metru dlouh\u00e9,\u00a0 nejl\u00e9pe ko\u017een\u00e9 nebo pogumovan\u00e9 (bavlna protkan\u00e1 gumou)<\/li>\n<li>hladk\u00fd jedno\u0159ad\u00fd \u0159et\u00edzkov\u00fd stahovac\u00ed OBOJEK s velk\u00fdmi oky, pro mal\u00e1 \u0161t\u011b\u0148\u00e1tka pevn\u00fd nylonov\u00fd nebo ko\u017een\u00fd obojek<\/li>\n<li>ODM\u011aNY: tzn. PAMLSKY (pi\u0161koty, kousky sal\u00e1mu, aj.), a HRA\u010cKA (m\u00ed\u010dek, aj.)<\/li>\n<\/ul>\n<\/div>\n<p style=\"text-align: center;\"><a href=\"http:\/\/kk.banov.cz\/wp-content\/uploads\/2017\/03\/KK-voditko-guma.jpg\"><img loading=\"lazy\" decoding=\"async\" src=\"http:\/\/kk.banov.cz\/wp-content\/uploads\/2017\/03\/KK-voditko-guma-150x150.jpg\" alt=\"KK-voditko-guma\" width=\"150\" height=\"150\" \/><\/a><a href=\"http:\/\/kk.banov.cz\/wp-content\/uploads\/2017\/03\/KK-Banov-stahovaci-obojek-velka-oka-nerez.jpg\"><img loading=\"lazy\" decoding=\"async\" src=\"http:\/\/kk.banov.cz\/wp-content\/uploads\/2017\/03\/KK-Banov-stahovaci-obojek-velka-oka-nerez-150x150.jpg\" alt=\"KK Banov-stahovaci-obojek-velka-oka-nerez\" width=\"150\" height=\"150\" \/><\/a><a href=\"http:\/\/kk.banov.cz\/wp-content\/uploads\/2017\/03\/KK-piskotytoby.jpg\"><img loading=\"lazy\" decoding=\"async\" src=\"http:\/\/kk.banov.cz\/wp-content\/uploads\/2017\/03\/KK-piskotytoby-150x150.jpg\" alt=\"KK-piskotytoby\" width=\"150\" height=\"150\" \/><\/a><a href=\"http:\/\/kk.banov.cz\/wp-content\/uploads\/2017\/03\/KK-B\u00e1nov-balonek.jpg\"><img loading=\"lazy\" decoding=\"async\" src=\"http:\/\/kk.banov.cz\/wp-content\/uploads\/2017\/03\/KK-B\u00e1nov-balonek-150x150.jpg\" alt=\"KK B\u00e1nov-balonek\" width=\"150\" height=\"150\" \/><\/a><\/p>\n<ul>\n<li>v p\u0159\u00edpad\u011b agresivity psa N\u00c1HUBEK<\/li>\n<\/ul>\n<h4 style=\"text-align: left;\"><strong style=\"font-size: revert; text-align: center;\">Pro tr\u00e9ninky a p\u0159\u00edpravu na sportovn\u00ed ZKOU\u0160KY a Z\u00c1VODY<\/strong><\/h4>\n<p class=\"content\" style=\"text-align: left;\">Pro v\u0161echny druhy a stupn\u011b zkou\u0161ek se stanov\u00ed <span style=\"text-decoration: underline;\"><strong>z\u00e1kladn\u00ed v\u00fdstroj psa<\/strong>:<\/span><br \/>\na) <strong>hladk\u00fd \u0159et\u00edzkov\u00fd kovov\u00fd obojek<\/strong> z o\u010dek 10&#215;20\u201360 mm, d\u00e9lky cca 600 mm, na obou konc\u00edch zakon\u010den\u00fd nava\u0159en\u00fdm kovov\u00fdm krou\u017ekem o pr\u016fm\u011bru 30 mm nejl\u00e9pe nerezov\u00fd, kter\u00fd nen\u00ed nastaven na stahov\u00e1n\u00ed (u mal\u00fdch plemen toto plat\u00ed p\u0159im\u011b\u0159en\u011b s ohledem na velikost o\u010dek a d\u00e9lku obojku). No\u0161en\u00ed ko\u017een\u00fdch a jin\u00fdch obojk\u016f pro p\u0159edveden\u00ed na zkou\u0161k\u00e1ch a z\u00e1vodech je zak\u00e1z\u00e1no.<br \/>\nb) <strong>vod\u00edtko<\/strong>, (dle velikosti psa, cca 0,8-1,5 metru dlouh\u00e9, nejl\u00e9pe ko\u017een\u00e9 nebo bavlna protkan\u00e1 gumou), kter\u00e9 mus\u00ed m\u00edt psovod neust\u00e1le u sebe i kdy\u017e na n\u011bm nevede sv\u00e9ho psa (v kapse nebo zav\u011b\u0161en\u00e9 z lev\u00e9ho ramene na prav\u00fd bok), mimo pr\u00e1ce na stop\u011b, pokud nejde voln\u011b<br \/>\nc) <strong>n\u00e1hubek<\/strong> pro p\u0159edveden\u00ed u zkou\u0161ek zkou\u0161ek ps\u016f mal\u00fdch plemen (ZMPO) a zkou\u0161ek z\u00e1kladn\u00ed ovladatelnosti (ZZO). Pozn. po celou dobu pr\u016fb\u011bhu akce pracuje pes bez n\u00e1hubku, v\u00fdjimku tvo\u0159\u00ed jen ur\u010den\u00e9 cviky ZMPO a ZZO.<\/p>\n<div class=\"content\">\n<h4>A. Stopa<\/h4>\n<ul>\n<li><span style=\"text-decoration: underline;\">z\u00e1kladn\u00ed v\u00fdstroj psa<\/span><\/li>\n<li>a speci\u00e1ln\u00ed v\u00fdstroj\u00ed psa na stop\u00e1ch, kterou se rozum\u00ed:<br \/>\na) stopovac\u00ed postroj (nen\u00ed podm\u00ednkou)<br \/>\nb) stopovac\u00ed vod\u00edtko min.10 m dlouh\u00e9, kter\u00e9 na jednom m\u00edst\u011b je p\u0159ipnuto bu\u010f na obojek psa, nebo na stopovac\u00ed postroj, m\u016f\u017ee v\u00e9st p\u0159es z\u00e1\u010f psa (horem), pod\u00e9l psa (bokem) nebo pod psem mezi p\u0159edn\u00edmi nebo i zadn\u00edmi kon\u010detinami (dolem). Nesm\u00ed psa stahovat ve slabin\u00e1ch.<\/li>\n<li>4 ks p\u0159edm\u011bty klade\u010de na stopu (pono\u017eka, koberec, filc, tj. z materi\u00e1lu, kter\u00fd dob\u0159e p\u0159ij\u00edm\u00e1 a dr\u017e\u00ed pachy, nesm\u00ed b\u00fdt z kovu a skla) nesm\u00ed se svou barvou n\u00e1padn\u011b odli\u0161ovat od ter\u00e9nu a dle po\u017eadovan\u00e9ho stupn\u011b zku\u0161ebn\u00edho \u0159\u00e1du b\u00fdt obvykle v\u011bt\u0161\u00ed ne\u017e 10 x 5 x 1 cm<\/li>\n<li>odm\u011bny: pamlsky, obl\u00edben\u00e1 hra\u010dka, bal\u00f3nek, aj.<\/li>\n<\/ul>\n<h4>B. Poslu\u0161nost<\/h4>\n<ul>\n<li><span style=\"text-decoration: underline;\">z\u00e1kladn\u00ed v\u00fdstroj psa<\/span><\/li>\n<li>dlouh\u00e9 pevn\u00e9 vod\u00edtko (5-10m &#8211; ne Flexi!!!) pro tr\u00e9nink p\u0159ivol\u00e1n\u00ed<\/li>\n<li>aportovac\u00ed p\u0159edm\u011bt dle typu zkou\u0161ky (nejl\u00e9pe d\u0159ev\u011bn\u00e1 1kg \u010dinka)<\/li>\n<li>odm\u011bny: pamlsky, obl\u00edben\u00e1 hra\u010dka, bal\u00f3nek, aj.<\/li>\n<\/ul>\n<h4>C. Obrana<\/h4>\n<ul>\n<li><span style=\"text-decoration: underline;\">z\u00e1kladn\u00ed v\u00fdstroj psa<\/span><\/li>\n<li>postroj na obrany (nebo \u0161irok\u00fd pevn\u00fd obojek)<\/li>\n<li>pevn\u00e9 vod\u00edtko 2-4 m dlouh\u00e9<\/li>\n<\/ul>\n<\/div>\n<p class=\"content\" style=\"text-align: center;\">S v\u00fdb\u011brem vhodn\u00fdch typ\u016f a proveden\u00ed V\u00e1m ve spolku r\u00e1di porad\u00edme. Pokud se rozhodnete sami pro n\u00e1kup p\u0159es internet, doporu\u010dujeme vybrat u osv\u011bd\u010den\u00fdch v\u00fdrobc\u016f a obchod\u016f<\/p>\n<\/div>\n<h3><\/h3>\n","protected":false},"excerpt":{"rendered":"<p>do are\u00e1lu maj\u00ed zak\u00e1zan\u00fd vstup psi nemocn\u00ed, zable\u0161en\u00ed \u010di s jin\u00fdmi p\u0159enosn\u00fdmi parazity, s ko\u017en\u00edmi chorobami a v prvn\u00edm t\u00fddnu po o\u010dkov\u00e1n\u00ed, feny v prvn\u00edch min. dvou t\u00fddnech h\u00e1r\u00e1n\u00ed !!! dodr\u017eujte za\u010d\u00e1tek v\u00fdcviku 8 hod \u2013 stopy, od 9 hod \u2013 poslu\u0161nost, od 10 hod \u2013 obrany pro prvn\u00ed n\u00e1v\u0161t\u011bvu s sebou vezm\u011bte O\u010cKOVAC\u00cd PR\u016eKAZ [&hellip;]<\/p>\n","protected":false},"author":1,"featured_media":0,"parent":26,"menu_order":1,"comment_status":"open","ping_status":"open","template":"","meta":{"footnotes":""},"class_list":["post-1665","page","type-page","status-publish","hentry"],"_links":{"self":[{"href":"http:\/\/kk.banov.cz\/index.php?rest_route=\/wp\/v2\/pages\/1665","targetHints":{"allow":["GET"]}}],"collection":[{"href":"http:\/\/kk.banov.cz\/index.php?rest_route=\/wp\/v2\/pages"}],"about":[{"href":"http:\/\/kk.banov.cz\/index.php?rest_route=\/wp\/v2\/types\/page"}],"author":[{"embeddable":true,"href":"http:\/\/kk.banov.cz\/index.php?rest_route=\/wp\/v2\/users\/1"}],"replies":[{"embeddable":true,"href":"http:\/\/kk.banov.cz\/index.php?rest_route=%2Fwp%2Fv2%2Fcomments&post=1665"}],"version-history":[{"count":44,"href":"http:\/\/kk.banov.cz\/index.php?rest_route=\/wp\/v2\/pages\/1665\/revisions"}],"predecessor-version":[{"id":4395,"href":"http:\/\/kk.banov.cz\/index.php?rest_route=\/wp\/v2\/pages\/1665\/revisions\/4395"}],"up":[{"embeddable":true,"href":"http:\/\/kk.banov.cz\/index.php?rest_route=\/wp\/v2\/pages\/26"}],"wp:attachment":[{"href":"http:\/\/kk.banov.cz\/index.php?rest_route=%2Fwp%2Fv2%2Fmedia&parent=1665"}],"curies":[{"name":"wp","href":"https:\/\/api.w.org\/{rel}","templated":true}]}}