{"id":102,"date":"2016-02-11T18:32:44","date_gmt":"2016-02-11T18:32:44","guid":{"rendered":"http:\/\/kk.banov.cz\/?page_id=102"},"modified":"2026-01-06T13:00:34","modified_gmt":"2026-01-06T13:00:34","slug":"historie-klubu","status":"publish","type":"page","link":"http:\/\/kk.banov.cz\/?page_id=102","title":{"rendered":"Historie"},"content":{"rendered":"<p>Kynologick\u00fd klub\u00a0v\u00a0B\u00e1nov\u011b byl zalo\u017een v roce 1970. Zakl\u00e1daj\u00edc\u00edmi \u010dleny byli Erich Las\u00e1k, Miroslav Machal\u00edk a Josef Machal\u00edk, p\u0159edsedou klubu tehdy byl E. Las\u00e1k, a prvn\u00ed cvi\u010di\u0161t\u011b bylo na m\u00edst\u011b u sou\u010dasn\u00e9 p\u00e1lenice.<\/p>\n<p><strong>Historick\u00e9 mezn\u00edky:<\/strong><\/p>\n<ul>\n<li>od roku 1973 byl p\u0159edsedou Franti\u0161ek Tvrdo\u0148, v\u00fdcvik\u00e1\u0159em Rudolf Viktorin a cvi\u010di\u0161t\u011b tehdy bylo u Svazarmu vedle star\u00e9 cesty sm\u011brem k tehdej\u0161\u00ed dr\u016fbe\u017e\u00e1rn\u011b<\/li>\n<li>v roce 1975 se cvi\u010di\u0161t\u011b p\u0159est\u011bhovalo na m\u00edsto b\u00fdval\u00e9 skl\u00e1dky a\u00a0za nemal\u00e9ho \u00fasil\u00ed a ka\u017edoro\u010dn\u011b stovek brig\u00e1dnick\u00fdch hodin \u010dlen\u016f nov\u011b budov\u00e1no na Skali\u010dk\u00e1ch, je tady dodnes<\/li>\n<\/ul>\n<p style=\"text-align: center;\"><a href=\"http:\/\/kk.banov.cz\/wp-content\/uploads\/2016\/02\/KK-B\u00e1nov-1975-MartinaJ.jpg\"><img loading=\"lazy\" decoding=\"async\" class=\"alignnone size-medium wp-image-655\" src=\"http:\/\/kk.banov.cz\/wp-content\/uploads\/2016\/02\/KK-B\u00e1nov-1975-MartinaJ-300x200.jpg\" alt=\"KK B\u00e1nov-1975-MartinaJ\" width=\"300\" height=\"200\" srcset=\"http:\/\/kk.banov.cz\/wp-content\/uploads\/2016\/02\/KK-B\u00e1nov-1975-MartinaJ-300x200.jpg 300w, http:\/\/kk.banov.cz\/wp-content\/uploads\/2016\/02\/KK-B\u00e1nov-1975-MartinaJ.jpg 675w\" sizes=\"auto, (max-width: 300px) 100vw, 300px\" \/><\/a><\/p>\n<p style=\"text-align: center;\"><a href=\"http:\/\/kk.banov.cz\/wp-content\/uploads\/2016\/02\/KK-B\u00e1nov-Martina-J.jpg\"><img loading=\"lazy\" decoding=\"async\" class=\"alignnone size-medium wp-image-656\" src=\"http:\/\/kk.banov.cz\/wp-content\/uploads\/2016\/02\/KK-B\u00e1nov-Martina-J-300x104.jpg\" alt=\"OLYMPUS DIGITAL CAMERA\" width=\"300\" height=\"104\" srcset=\"http:\/\/kk.banov.cz\/wp-content\/uploads\/2016\/02\/KK-B\u00e1nov-Martina-J-300x104.jpg 300w, http:\/\/kk.banov.cz\/wp-content\/uploads\/2016\/02\/KK-B\u00e1nov-Martina-J-1024x354.jpg 1024w, http:\/\/kk.banov.cz\/wp-content\/uploads\/2016\/02\/KK-B\u00e1nov-Martina-J.jpg 1200w\" sizes=\"auto, (max-width: 300px) 100vw, 300px\" \/><\/a><\/p>\n<ul>\n<li>v roce 1973,\u00a0Vylu\u010dovac\u00ed z\u00e1vody na Mistrovstv\u00ed republiky \u010cSR podle statutu MR<\/li>\n<\/ul>\n<p style=\"text-align: center;\">psovod &#8211; Rudolf Viktorin, pes &#8211; n\u011bmeck\u00fd ov\u010d\u00e1k \u00a0KIM Zde-Zar<\/p>\n<ul>\n<li>v roce 1973, Mistrovstv\u00ed republiky \u010cSR ve v\u00fdcviku ps\u016f podle statutu MR v Ostrav\u011b<\/li>\n<\/ul>\n<p style=\"text-align: center;\">psovod &#8211; Rudolf\u00a0Viktorin,\u00a0pes &#8211; n\u011bmeck\u00fd ov\u010d\u00e1k KIM Zde-Zar<\/p>\n<ul>\n<li>v roce 1978,\u00a0Vylu\u010dovac\u00ed z\u00e1vody\u00a0na Mistrovstv\u00ed republiky \u010cSR podle statutu MR,\u00a0psovodi:<\/li>\n<\/ul>\n<p style=\"text-align: center;\">Franti\u0161ek Tvrdo\u0148, pes &#8211; n\u011bmeck\u00fd ov\u010d\u00e1k \u00a0AJAX<br \/>\nStanislav Ko\u010dica, pes &#8211; n\u011bmeck\u00fd ov\u010d\u00e1k ERKO Srub u jezera<br \/>\nRudolf Viktorin, pes &#8211; n\u011bmeck\u00fd ov\u010d\u00e1k \u00a0ARGO z Pavl\u00ed\u010dkova dvora<\/p>\n<ul>\n<li>v roce 1978, Mistrovstv\u00ed republiky \u010cSR ve v\u00fdcviku ps\u016f slu\u017eebn\u00edch plemen podle statutu MR v Pardubic\u00edch<\/li>\n<\/ul>\n<p style=\"text-align: center;\">psovod Rudolf\u00a0 Viktorin,\u00a0pes &#8211; n\u011bmeck\u00fd ov\u010d\u00e1k\u00a0ARGO z Pavl\u00ed\u010dkova dvora<\/p>\n<p style=\"text-align: center;\"><img loading=\"lazy\" decoding=\"async\" class=\"alignnone size-thumbnail wp-image-364\" src=\"http:\/\/kk.banov.cz\/wp-content\/uploads\/2016\/02\/20160214_082335-1-150x150.jpg\" alt=\"20160214_082335-1\" width=\"150\" height=\"150\" \/><\/p>\n<ul>\n<li>rok 1984-1989 Rudolf Viktorin, p\u0159edseda Okresn\u00ed rady kynolog\u016f\u00a0okresu Uh.Hradi\u0161t\u011b<\/li>\n<li>od roku 2008 (do 31.12.2018) p\u0159edsedou klubu Rudolf Viktorin<\/li>\n<li>v roce 2016 z\u00e1pis do spolkov\u00e9ho rejst\u0159\u00edku \u00a0KS v Brn\u011b se zm\u011bnou n\u00e1zvu z d\u0159\u00edv\u011bj\u0161\u00edho Moravskoslezsk\u00fd kynologick\u00fd svaz, z\u00e1kladn\u00ed organizace \u010d.11008, Kynologick\u00fd klub B\u00e1nov nov\u011b jako\u00a0Moravskoslezsk\u00fd kynologick\u00fd svaz ZO 11008 KYNOLOGICK\u00dd KLUB B\u00c1NOV, I\u010c: <a href=\"https:\/\/or.justice.cz\/ias\/ui\/rejstrik-$firma?ico=72533757&amp;jenPlatne=VSECHNY\">725 33 757<\/a>\n<div class=\"div-table\">\n<div class=\"div-row\"><\/div>\n<\/div>\n<\/li>\n<li>1. ledna 2019 zvolen p\u0159edsedou spolku Ing. Michal Ka\u0161n\u00fd<\/li>\n<li>6. ledna 2021 n\u00e1s ve v\u011bku nedo\u017eit\u00fdch 73 let nav\u017edy opustil vynikaj\u00edc\u00ed kamar\u00e1d a kynolog, v\u00fdrazn\u00e1 osobnost a dlouholet\u00fd funkcion\u00e1\u0159 spolku pan Rudolf Viktorin. Up\u0159\u00edmnou soustrast zarmoucen\u00e9 rodin\u011b a \u010dest jeho pam\u00e1tce<\/li>\n<li>14. z\u00e1\u0159\u00ed 2021 n\u00e1s ve v\u011bku 84 let nav\u017edy opustil dlouholet\u00fd \u010dlen spolku, funkcion\u00e1\u0159 a kamar\u00e1d pan Miloslav Havelka z Byst\u0159ice p. Lopen\u00edkem. Up\u0159\u00edmnou soustrast zarmoucen\u00e9 rodin\u011b a \u010dest jeho pam\u00e1tce<\/li>\n<li>21. ledna 2023 znovu zvolen p\u0159edsedou spolku Ing. Michal Ka\u0161n\u00fd<\/li>\n<\/ul>\n<p style=\"display: inline !important;\">\n","protected":false},"excerpt":{"rendered":"<p>Kynologick\u00fd klub\u00a0v\u00a0B\u00e1nov\u011b byl zalo\u017een v roce 1970. Zakl\u00e1daj\u00edc\u00edmi \u010dleny byli Erich Las\u00e1k, Miroslav Machal\u00edk a Josef Machal\u00edk, p\u0159edsedou klubu tehdy byl E. Las\u00e1k, a prvn\u00ed cvi\u010di\u0161t\u011b bylo na m\u00edst\u011b u sou\u010dasn\u00e9 p\u00e1lenice. Historick\u00e9 mezn\u00edky: od roku 1973 byl p\u0159edsedou Franti\u0161ek Tvrdo\u0148, v\u00fdcvik\u00e1\u0159em Rudolf Viktorin a cvi\u010di\u0161t\u011b tehdy bylo u Svazarmu vedle star\u00e9 cesty sm\u011brem k [&hellip;]<\/p>\n","protected":false},"author":1,"featured_media":0,"parent":22,"menu_order":0,"comment_status":"open","ping_status":"open","template":"","meta":{"footnotes":""},"class_list":["post-102","page","type-page","status-publish","hentry"],"_links":{"self":[{"href":"http:\/\/kk.banov.cz\/index.php?rest_route=\/wp\/v2\/pages\/102","targetHints":{"allow":["GET"]}}],"collection":[{"href":"http:\/\/kk.banov.cz\/index.php?rest_route=\/wp\/v2\/pages"}],"about":[{"href":"http:\/\/kk.banov.cz\/index.php?rest_route=\/wp\/v2\/types\/page"}],"author":[{"embeddable":true,"href":"http:\/\/kk.banov.cz\/index.php?rest_route=\/wp\/v2\/users\/1"}],"replies":[{"embeddable":true,"href":"http:\/\/kk.banov.cz\/index.php?rest_route=%2Fwp%2Fv2%2Fcomments&post=102"}],"version-history":[{"count":68,"href":"http:\/\/kk.banov.cz\/index.php?rest_route=\/wp\/v2\/pages\/102\/revisions"}],"predecessor-version":[{"id":6947,"href":"http:\/\/kk.banov.cz\/index.php?rest_route=\/wp\/v2\/pages\/102\/revisions\/6947"}],"up":[{"embeddable":true,"href":"http:\/\/kk.banov.cz\/index.php?rest_route=\/wp\/v2\/pages\/22"}],"wp:attachment":[{"href":"http:\/\/kk.banov.cz\/index.php?rest_route=%2Fwp%2Fv2%2Fmedia&parent=102"}],"curies":[{"name":"wp","href":"https:\/\/api.w.org\/{rel}","templated":true}]}}